{"id":71,"date":"2023-01-23T07:37:19","date_gmt":"2023-01-23T07:37:19","guid":{"rendered":"http:\/\/bracketweb.com\/agrionwp\/?page_id=71"},"modified":"2025-09-26T11:50:59","modified_gmt":"2025-09-26T11:50:59","slug":"services","status":"publish","type":"page","link":"https:\/\/baskentsaman.com\/?page_id=71","title":{"rendered":"Hizmetlerimiz"},"content":{"rendered":"\t\t<div data-elementor-type=\"wp-page\" data-elementor-id=\"71\" class=\"elementor elementor-71\">\n\t\t\t\t\t\t<section class=\"elementor-section elementor-top-section elementor-element elementor-element-d33f3f8 elementor-section-full_width elementor-section-height-default elementor-section-height-default\" data-id=\"d33f3f8\" data-element_type=\"section\" data-e-type=\"section\">\n\t\t\t\t\t\t<div class=\"elementor-container elementor-column-gap-no\">\n\t\t\t\t\t<div class=\"elementor-column elementor-col-100 elementor-top-column elementor-element elementor-element-5c4369a2\" data-id=\"5c4369a2\" data-element_type=\"column\" data-e-type=\"column\">\n\t\t\t<div class=\"elementor-widget-wrap elementor-element-populated\">\n\t\t\t\t\t\t<div class=\"elementor-element elementor-element-76e2dc03 service-page elementor-widget elementor-widget-agrion-about\" data-id=\"76e2dc03\" data-element_type=\"widget\" data-e-type=\"widget\" data-widget_type=\"agrion-about.default\">\n\t\t\t\t<div class=\"elementor-widget-container\">\n\t\t\t\t\t\t<!--Healthey Food One Start-->\r\n\t<section class=\"healthy-food-one\">\r\n\t\t\t\t\t<div class=\"healthy-food-one__bg float-bob-x\" style=\"\r\n            background-image: url(http:\/\/bracketweb.com\/agrionwp\/wp-content\/uploads\/2023\/02\/healthy-food-one-shape-1.png);\r\n          \"><\/div>\r\n\t\t\t\t<div class=\"container\">\r\n\t\t\t<div class=\"row\">\r\n\t\t\t\t<div class=\"col-xl-6\">\r\n\t\t\t\t\t<div class=\"healthy-food-one__left\">\r\n\t\t\t\t\t\t<div class=\"healthy-food-one__img\">\r\n\t\t\t\t\t\t\t<img decoding=\"async\" src=\"https:\/\/baskentsaman.com\/wp-content\/uploads\/2023\/01\/healthy-food-one-1.jpg\" alt=\"alt\" title=\"healthy-food-one-1\" >\t\t\t\t\t\t<\/div>\r\n\t\t\t\t\t<\/div>\r\n\t\t\t\t<\/div>\r\n\t\t\t\t<div class=\"col-xl-6\">\r\n\t\t\t\t\t<div class=\"healthy-food-one__right\">\r\n\t\t\t\t\t\t\t\t\t\t\t\t\t<div class=\"section-title text-left\">\r\n\t\t\t\t\t\t\t\t<span class=\"section-title__tagline\">VERD\u0130\u011e\u0130M\u0130Z H\u0130ZMETLER<\/span><h2 class=\"section-title__title\">BA\u015eKENT SAMAN H\u0130ZMETLER\u0130<\/h2>\t\t\t\t\t\t\t\t<div class=\"section-title__icon\">\r\n\t\t\t\t\t\t\t\t\t<img decoding=\"async\" src=\"https:\/\/baskentsaman.com\/wp-content\/uploads\/2023\/01\/section-title-icon-1.png\" alt=\"alt\" title=\"section-title-icon-1\" >\t\t\t\t\t\t\t\t<\/div>\r\n\t\t\t\t\t\t\t<\/div>\r\n\t\t\t\t\t\t\t\t\t\t\t\t<p class=\"healthy-food-one__text\">Ba\u015fkent Saman olarak tar\u0131m ve hayvanc\u0131l\u0131k sekt\u00f6r\u00fcne y\u00f6nelik kaliteli, g\u00fcvenilir ve zaman\u0131nda hizmet sunmay\u0131 misyon edindik. Geni\u015f \u00fcr\u00fcn yelpazemiz, g\u00fc\u00e7l\u00fc lojistik altyap\u0131m\u0131z ve m\u00fc\u015fteri memnuniyetine odakl\u0131 hizmet anlay\u0131\u015f\u0131m\u0131zla faaliyet g\u00f6stermekteyiz.<\/p>\t\t\t\t\t\t\t\t\t\t\t\t\t<ul class=\"list-unstyled healthy-food-one__list ml-0\">\r\n\t\t\t\t\t\t\t\t\t\t\t\t\t\t\t\t\t<li class=\"healthy-food-one__single\">\r\n\t\t\t\t\t\t\t\t\t\t<div class=\"healthy-food-one__content\">\r\n\t\t\t\t\t\t\t\t\t\t\t<div class=\"healthy-food-one__icon icon-svg-large\">\r\n\t\t\t\t\t\t\t\t\t\t\t\t<span aria-hidden=\"true\" class=\"  icon-harvester\"><\/span>\t\t\t\t\t\t\t\t\t\t\t<\/div>\r\n\t\t\t\t\t\t\t\t\t\t\t<p class=\"healthy-food-one__title\">Saman Tedariki<\/p>\t\t\t\t\t\t\t\t\t\t<\/div>\r\n\t\t\t\t\t\t\t\t\t<\/li>\r\n\t\t\t\t\t\t\t\t\t\t\t\t\t\t\t\t\t<li class=\"healthy-food-one__single\">\r\n\t\t\t\t\t\t\t\t\t\t<div class=\"healthy-food-one__content\">\r\n\t\t\t\t\t\t\t\t\t\t\t<div class=\"healthy-food-one__icon icon-svg-large\">\r\n\t\t\t\t\t\t\t\t\t\t\t\t<span aria-hidden=\"true\" class=\"   icon-agriculture-1\"><\/span>\t\t\t\t\t\t\t\t\t\t\t<\/div>\r\n\t\t\t\t\t\t\t\t\t\t\t<p class=\"healthy-food-one__title healthy-food-one__title\">Nakliye &amp; Teslimat<\/p>\t\t\t\t\t\t\t\t\t\t<\/div>\r\n\t\t\t\t\t\t\t\t\t<\/li>\r\n\t\t\t\t\t\t\t\t\t\t\t\t\t\t\t\t\t<li class=\"healthy-food-one__single\">\r\n\t\t\t\t\t\t\t\t\t\t<div class=\"healthy-food-one__content\">\r\n\t\t\t\t\t\t\t\t\t\t\t<div class=\"healthy-food-one__icon icon-svg-large\">\r\n\t\t\t\t\t\t\t\t\t\t\t\t<span aria-hidden=\"true\" class=\"   icon-harvest-1\"><\/span>\t\t\t\t\t\t\t\t\t\t\t<\/div>\r\n\t\t\t\t\t\t\t\t\t\t\t<p class=\"healthy-food-one__title healthy-food-one__title healthy-food-one__title\">Toplu Al\u0131m Avantajlar\u0131<\/p>\t\t\t\t\t\t\t\t\t\t<\/div>\r\n\t\t\t\t\t\t\t\t\t<\/li>\r\n\t\t\t\t\t\t\t\t\t\t\t\t\t\t\t<\/ul>\r\n\t\t\t\t\t\t\t\t\t\t\t<\/div>\r\n\t\t\t\t<\/div>\r\n\t\t\t<\/div>\r\n\t\t<\/div>\r\n\t<\/section>\r\n\t<!--Healthey Food One End-->\r\n\t\t\t\t<\/div>\n\t\t\t\t<\/div>\n\t\t\t\t\t<\/div>\n\t\t<\/div>\n\t\t\t\t\t<\/div>\n\t\t<\/section>\n\t\t\t\t<section class=\"elementor-section elementor-top-section elementor-element elementor-element-7f34d3c7 elementor-section-full_width elementor-section-height-default elementor-section-height-default\" data-id=\"7f34d3c7\" data-element_type=\"section\" data-e-type=\"section\">\n\t\t\t\t\t\t<div class=\"elementor-container elementor-column-gap-no\">\n\t\t\t\t\t<div class=\"elementor-column elementor-col-100 elementor-top-column elementor-element elementor-element-2eac7c56\" data-id=\"2eac7c56\" data-element_type=\"column\" data-e-type=\"column\">\n\t\t\t<div class=\"elementor-widget-wrap elementor-element-populated\">\n\t\t\t\t\t\t<div class=\"elementor-element elementor-element-55cb1f10 elementor-widget elementor-widget-agrion-service\" data-id=\"55cb1f10\" data-element_type=\"widget\" data-e-type=\"widget\" data-widget_type=\"agrion-service.default\">\n\t\t\t\t<div class=\"elementor-widget-container\">\n\t\t\t\t\t\r\n\r\n\t<!--Services One Start-->\r\n\t<section class=\"services-one\">\r\n\t\t<div class=\"services-one__bg\" style=\"background-image: url(http:\/\/bracketweb.com\/agrionwp\/wp-content\/uploads\/2023\/01\/services-one-shape-1.png);\"><\/div>\r\n\t\t<div class=\"container\">\r\n\t\t\t\t\t\t\t<div class=\"section-title text-center\">\r\n\t\t\t\t\t<span class=\"section-title__tagline\">BA\u015eKENT SAMAN<\/span>\r\n\t\t\t\t\t<h2 class=\"section-title__title\">BA\u015eKENT SAMAN<\/h2>\t\t\t\t\t<div class=\"section-title__icon\">\r\n\t\t\t\t\t\t<img decoding=\"async\" src=\"https:\/\/baskentsaman.com\/wp-content\/uploads\/2023\/01\/section-title-icon-1.png\" alt=\"alt\" title=\"section-title-icon-1\" >\t\t\t\t\t<\/div>\r\n\t\t\t\t<\/div>\r\n\t\t\t\t\t\t<div class=\"row\">\r\n\t\t\t\t\t\t\t\t\t\t\t\t\t\t\t<!--Services One Single Start-->\r\n\t\t\t\t\t\t<div class=\"col-xl-3 col-lg-6 col-md-6 wow fadeInLeft\" data-wow-delay=\"100ms\">\r\n\t\t\t\t\t\t\t<div class=\"services-one__single\">\r\n\t\t\t\t\t\t\t\t<div class=\"services-one__img-box\">\r\n\t\t\t\t\t\t\t\t\t<div class=\"services-one__img\">\r\n\t\t\t\t\t\t\t\t\t\t<img decoding=\"async\" src=\"https:\/\/baskentsaman.com\/wp-content\/uploads\/2023\/01\/services-one-1.jpg\" alt=\"alt\" title=\"services-one-1\" >\t\t\t\t\t\t\t\t\t<\/div>\r\n\t\t\t\t\t\t\t\t\t<div class=\"services-one__icon icon-svg-large\">\r\n\t\t\t\t\t\t\t\t\t\t<span aria-hidden=\"true\" class=\"  icon-tractor\"><\/span>\t\t\t\t\t\t\t\t\t<\/div>\r\n\t\t\t\t\t\t\t\t<\/div>\r\n\t\t\t\t\t\t\t\t<div class=\"services-one__content\">\r\n\t\t\t\t\t\t\t\t\t<h3 class=\"services-one__title\">\r\n\t\t\t\t\t\t\t\t\t\t<a class=\"\" href=\"http:\/\/bracketweb.com\/agrionwp\/agriculture-products\/\"  >Saman Sat\u0131\u015f\u0131<\/a>\t\t\t\t\t\t\t\t\t<\/h3>\r\n\t\t\t\t\t\t\t\t\t<p class=\"services-one__text\">Hayvanc\u0131l\u0131kla u\u011fra\u015fan i\u015fletmelere \u00f6zel, kaliteli ve hijyenik saman tedariki sa\u011fl\u0131yoruz.\n\nBu\u011fday saman\u0131\n\nArpa saman\u0131\n\nYulaf saman\u0131\n\nPaketli ve balyal\u0131 se\u00e7enekler\n\u27a1\ufe0f \u00dcr\u00fcnlerimiz do\u011frudan \u00fcreticiden, rutubetsiz ve temiz olarak temin edilmektedir.<\/p>\t\t\t\t\t\t\t\t<\/div>\r\n\t\t\t\t\t\t\t<\/div>\r\n\t\t\t\t\t\t<\/div>\r\n\t\t\t\t\t\t<!--Services One Single End-->\r\n\t\t\t\t\t\t\t\t\t\t\t<!--Services One Single Start-->\r\n\t\t\t\t\t\t<div class=\"col-xl-3 col-lg-6 col-md-6 wow fadeInLeft\" data-wow-delay=\"200ms\">\r\n\t\t\t\t\t\t\t<div class=\"services-one__single\">\r\n\t\t\t\t\t\t\t\t<div class=\"services-one__img-box\">\r\n\t\t\t\t\t\t\t\t\t<div class=\"services-one__img\">\r\n\t\t\t\t\t\t\t\t\t\t<img decoding=\"async\" src=\"https:\/\/baskentsaman.com\/wp-content\/uploads\/2023\/01\/services-one-2.jpg\" alt=\"alt\" title=\"services-one-2\" >\t\t\t\t\t\t\t\t\t<\/div>\r\n\t\t\t\t\t\t\t\t\t<div class=\"services-one__icon icon-svg-large\">\r\n\t\t\t\t\t\t\t\t\t\t<span aria-hidden=\"true\" class=\"   icon-organic-food\"><\/span>\t\t\t\t\t\t\t\t\t<\/div>\r\n\t\t\t\t\t\t\t\t<\/div>\r\n\t\t\t\t\t\t\t\t<div class=\"services-one__content\">\r\n\t\t\t\t\t\t\t\t\t<h3 class=\"services-one__title\">\r\n\t\t\t\t\t\t\t\t\t\t<a class=\" \" href=\"http:\/\/bracketweb.com\/agrionwp\/agriculture-products\/\"  >Nakliye &amp; Teslimat<\/a>\t\t\t\t\t\t\t\t\t<\/h3>\r\n\t\t\t\t\t\t\t\t\t<p class=\"services-one__text services-one__text\">Sipari\u015fleriniz, \u00f6zel nakliye ara\u00e7lar\u0131m\u0131zla h\u0131zl\u0131 ve g\u00fcvenli \u015fekilde adresinize ula\u015ft\u0131r\u0131l\u0131r.\n\n\u015eehir i\u00e7i \/ \u015fehir d\u0131\u015f\u0131 teslimat\n\nZaman\u0131nda sevkiyat garantisi\n\nBalya y\u00fckleme ve indirme deste\u011fi<\/p>\t\t\t\t\t\t\t\t<\/div>\r\n\t\t\t\t\t\t\t<\/div>\r\n\t\t\t\t\t\t<\/div>\r\n\t\t\t\t\t\t<!--Services One Single End-->\r\n\t\t\t\t\t\t\t\t\t\t\t<!--Services One Single Start-->\r\n\t\t\t\t\t\t<div class=\"col-xl-3 col-lg-6 col-md-6 wow fadeInLeft\" data-wow-delay=\"300ms\">\r\n\t\t\t\t\t\t\t<div class=\"services-one__single\">\r\n\t\t\t\t\t\t\t\t<div class=\"services-one__img-box\">\r\n\t\t\t\t\t\t\t\t\t<div class=\"services-one__img\">\r\n\t\t\t\t\t\t\t\t\t\t<img decoding=\"async\" src=\"https:\/\/baskentsaman.com\/wp-content\/uploads\/2023\/01\/services-one-3.jpg\" alt=\"alt\" title=\"services-one-3\" >\t\t\t\t\t\t\t\t\t<\/div>\r\n\t\t\t\t\t\t\t\t\t<div class=\"services-one__icon icon-svg-large\">\r\n\t\t\t\t\t\t\t\t\t\t<span aria-hidden=\"true\" class=\"   icon-vegetables\"><\/span>\t\t\t\t\t\t\t\t\t<\/div>\r\n\t\t\t\t\t\t\t\t<\/div>\r\n\t\t\t\t\t\t\t\t<div class=\"services-one__content\">\r\n\t\t\t\t\t\t\t\t\t<h3 class=\"services-one__title\">\r\n\t\t\t\t\t\t\t\t\t\t<a class=\"  \" href=\"http:\/\/bracketweb.com\/agrionwp\/agriculture-products\/\"  >Toplu Al\u0131m &amp; Tedarik \u00c7\u00f6z\u00fcmleri<\/a>\t\t\t\t\t\t\t\t\t<\/h3>\r\n\t\t\t\t\t\t\t\t\t<p class=\"services-one__text services-one__text services-one__text\">B\u00fcy\u00fckba\u015f\/k\u00fc\u00e7\u00fckba\u015f \u00e7iftlikleri, besihaneler, kooperatifler ve yem fabrikalar\u0131 i\u00e7in \u00f6zel \u00e7\u00f6z\u00fcmler:\n\nToplu al\u0131m indirimleri\n\nAyl\u0131k d\u00fczenli teslimat anla\u015fmalar\u0131\n\nDepolama ve stok planlamas\u0131<\/p>\t\t\t\t\t\t\t\t<\/div>\r\n\t\t\t\t\t\t\t<\/div>\r\n\t\t\t\t\t\t<\/div>\r\n\t\t\t\t\t\t<!--Services One Single End-->\r\n\t\t\t\t\t\t\t\t\t\t\t<!--Services One Single Start-->\r\n\t\t\t\t\t\t<div class=\"col-xl-3 col-lg-6 col-md-6 wow fadeInLeft\" data-wow-delay=\"400ms\">\r\n\t\t\t\t\t\t\t<div class=\"services-one__single\">\r\n\t\t\t\t\t\t\t\t<div class=\"services-one__img-box\">\r\n\t\t\t\t\t\t\t\t\t<div class=\"services-one__img\">\r\n\t\t\t\t\t\t\t\t\t\t<img decoding=\"async\" src=\"https:\/\/baskentsaman.com\/wp-content\/uploads\/2023\/01\/services-one-4.jpg\" alt=\"alt\" title=\"services-one-4\" >\t\t\t\t\t\t\t\t\t<\/div>\r\n\t\t\t\t\t\t\t\t\t<div class=\"services-one__icon icon-svg-large\">\r\n\t\t\t\t\t\t\t\t\t\t<span aria-hidden=\"true\" class=\"   icon-dairy\"><\/span>\t\t\t\t\t\t\t\t\t<\/div>\r\n\t\t\t\t\t\t\t\t<\/div>\r\n\t\t\t\t\t\t\t\t<div class=\"services-one__content\">\r\n\t\t\t\t\t\t\t\t\t<h3 class=\"services-one__title\">\r\n\t\t\t\t\t\t\t\t\t\t<a class=\"   \" href=\"http:\/\/bracketweb.com\/agrionwp\/agriculture-products\/\"  >Kurumsal \u0130\u015fbirlikleri<\/a>\t\t\t\t\t\t\t\t\t<\/h3>\r\n\t\t\t\t\t\t\t\t\t<p class=\"services-one__text services-one__text services-one__text services-one__text\">Uzun vadeli \u00e7al\u0131\u015fmak isteyen i\u015fletmelere \u00f6zel kurumsal hizmet modelleri sunuyoruz:\n\n\u00c7iftlikler ve tar\u0131m \u015firketleriyle tedarik s\u00f6zle\u015fmeleri\n\nS\u00fcrekli \u00fcr\u00fcn garantisi\n\nFatural\u0131 sat\u0131\u015f ve resmi evrak deste\u011fi<\/p>\t\t\t\t\t\t\t\t<\/div>\r\n\t\t\t\t\t\t\t<\/div>\r\n\t\t\t\t\t\t<\/div>\r\n\t\t\t\t\t\t<!--Services One Single End-->\r\n\t\t\t\t\t\t\t\t\t\t\t\t<\/div>\r\n\t\t<\/div>\r\n\t<\/section>\r\n\t<!--Services One End-->\r\n\t\t\t\t<\/div>\n\t\t\t\t<\/div>\n\t\t\t\t\t<\/div>\n\t\t<\/div>\n\t\t\t\t\t<\/div>\n\t\t<\/section>\n\t\t\t\t<\/div>\n\t\t","protected":false},"excerpt":{"rendered":"<p>VERD\u0130\u011e\u0130M\u0130Z H\u0130ZMETLER BA\u015eKENT SAMAN H\u0130ZMETLER\u0130 Ba\u015fkent Saman olarak tar\u0131m ve hayvanc\u0131l\u0131k sekt\u00f6r\u00fcne y\u00f6nelik kaliteli, g\u00fcvenilir ve zaman\u0131nda hizmet sunmay\u0131 misyon edindik. Geni\u015f \u00fcr\u00fcn yelpazemiz, g\u00fc\u00e7l\u00fc lojistik altyap\u0131m\u0131z ve m\u00fc\u015fteri memnuniyetine odakl\u0131 hizmet anlay\u0131\u015f\u0131m\u0131zla faaliyet g\u00f6stermekteyiz. Saman Tedariki Nakliye &amp; Teslimat Toplu Al\u0131m Avantajlar\u0131 BA\u015eKENT SAMAN BA\u015eKENT SAMAN Saman Sat\u0131\u015f\u0131 Hayvanc\u0131l\u0131kla u\u011fra\u015fan i\u015fletmelere \u00f6zel, kaliteli ve [&hellip;]<\/p>\n","protected":false},"author":1,"featured_media":0,"parent":0,"menu_order":0,"comment_status":"closed","ping_status":"closed","template":"elementor_header_footer","meta":{"footnotes":""},"class_list":["post-71","page","type-page","status-publish","hentry"],"aioseo_notices":[],"_links":{"self":[{"href":"https:\/\/baskentsaman.com\/index.php?rest_route=\/wp\/v2\/pages\/71","targetHints":{"allow":["GET"]}}],"collection":[{"href":"https:\/\/baskentsaman.com\/index.php?rest_route=\/wp\/v2\/pages"}],"about":[{"href":"https:\/\/baskentsaman.com\/index.php?rest_route=\/wp\/v2\/types\/page"}],"author":[{"embeddable":true,"href":"https:\/\/baskentsaman.com\/index.php?rest_route=\/wp\/v2\/users\/1"}],"replies":[{"embeddable":true,"href":"https:\/\/baskentsaman.com\/index.php?rest_route=%2Fwp%2Fv2%2Fcomments&post=71"}],"version-history":[{"count":5,"href":"https:\/\/baskentsaman.com\/index.php?rest_route=\/wp\/v2\/pages\/71\/revisions"}],"predecessor-version":[{"id":1403,"href":"https:\/\/baskentsaman.com\/index.php?rest_route=\/wp\/v2\/pages\/71\/revisions\/1403"}],"wp:attachment":[{"href":"https:\/\/baskentsaman.com\/index.php?rest_route=%2Fwp%2Fv2%2Fmedia&parent=71"}],"curies":[{"name":"wp","href":"https:\/\/api.w.org\/{rel}","templated":true}]}}