{"id":67,"date":"2023-01-23T07:36:06","date_gmt":"2023-01-23T07:36:06","guid":{"rendered":"http:\/\/bracketweb.com\/agrionwp\/?page_id=67"},"modified":"2025-09-15T10:44:21","modified_gmt":"2025-09-15T10:44:21","slug":"about","status":"publish","type":"page","link":"https:\/\/baskentsaman.com\/?page_id=67","title":{"rendered":"Biz Kimiz?"},"content":{"rendered":"\t\t<div data-elementor-type=\"wp-page\" data-elementor-id=\"67\" class=\"elementor elementor-67\">\n\t\t\t\t\t\t<section class=\"elementor-section elementor-top-section elementor-element elementor-element-286c5df elementor-section-full_width elementor-section-height-default elementor-section-height-default\" data-id=\"286c5df\" data-element_type=\"section\" data-e-type=\"section\">\n\t\t\t\t\t\t<div class=\"elementor-container elementor-column-gap-no\">\n\t\t\t\t\t<div class=\"elementor-column elementor-col-100 elementor-top-column elementor-element elementor-element-98c8ba0\" data-id=\"98c8ba0\" data-element_type=\"column\" data-e-type=\"column\">\n\t\t\t<div class=\"elementor-widget-wrap elementor-element-populated\">\n\t\t\t\t\t\t<div class=\"elementor-element elementor-element-28c8475 elementor-widget elementor-widget-agrion-about\" data-id=\"28c8475\" data-element_type=\"widget\" data-e-type=\"widget\" data-widget_type=\"agrion-about.default\">\n\t\t\t\t<div class=\"elementor-widget-container\">\n\t\t\t\t\t    <!--About Three Start-->\r\n    <section class=\"about-three\">\r\n        <div class=\"container\">\r\n            <div class=\"row\">\r\n                <div class=\"col-xl-6\">\r\n                    <div class=\"about-three__left\">\r\n                        <div class=\"row\">\r\n                            <div class=\"col-xl-6 col-lg-6 col-md-6\">\r\n                                <div class=\"about-three__left-single\">\r\n                                    <div class=\"about-three__left-img\">\r\n                                        <img decoding=\"async\" src=\"https:\/\/baskentsaman.com\/wp-content\/uploads\/2023\/01\/about-three-img-1.jpg\" alt=\"alt\" title=\"about-three-img-1\" >                                    <\/div>\r\n                                    <div class=\"about-three__left-img about-three__left-img--2\">\r\n                                        <img decoding=\"async\" src=\"https:\/\/baskentsaman.com\/wp-content\/uploads\/2023\/01\/about-three-img-2.jpg\" alt=\"alt\" title=\"about-three-img-2\" >                                    <\/div>\r\n                                <\/div>\r\n                            <\/div>\r\n                            <div class=\"col-xl-6 col-lg-6 col-md-6\">\r\n                                <div class=\"about-three__left-single\">\r\n                                    <div class=\"about-three__left-img\">\r\n                                        <img decoding=\"async\" src=\"https:\/\/baskentsaman.com\/wp-content\/uploads\/2023\/01\/about-three-img-3.jpg\" alt=\"alt\" title=\"about-three-img-3\" >                                    <\/div>\r\n                                <\/div>\r\n                            <\/div>\r\n                        <\/div>\r\n                    <\/div>\r\n                <\/div>\r\n                <div class=\"col-xl-6\">\r\n                    <div class=\"about-three__right\">\r\n                                                    <div class=\"section-title text-left\">\r\n                                <h2 class=\"section-title__title\">BA\u015eKENT SAMAN<\/h2>                                <div class=\"section-title__icon\">\r\n                                    <img decoding=\"async\" src=\"https:\/\/baskentsaman.com\/wp-content\/uploads\/2023\/01\/section-title-icon-1.png\" alt=\"alt\" title=\"section-title-icon-1\" >                                <\/div>\r\n                            <\/div>\r\n                                                <p class=\"about-three__text-1\">Ba\u015fkent Saman, y\u0131llar\u0131n verdi\u011fi deneyim ve g\u00fcven ile hayvanc\u0131l\u0131k sekt\u00f6r\u00fcne kaliteli saman ve yem \u00e7e\u015fitleri sunan bir i\u015fletmedir. Ankara merkezli firmam\u0131z, hem toptan hem perakende sat\u0131\u015fta m\u00fc\u015fteri memnuniyetini \u00f6n planda tutarak, hayvanlar\u0131n\u0131z\u0131n sa\u011fl\u0131kl\u0131 beslenmesine katk\u0131 sa\u011flamay\u0131 ama\u00e7lamaktad\u0131r.\n\nDo\u011fal ve g\u00fcvenilir \u00fcr\u00fcnlerimizle; \u00e7ift\u00e7ilerimizin, i\u015fletmelerimizin ve hayvanc\u0131l\u0131kla u\u011fra\u015fan t\u00fcm m\u00fc\u015fterilerimizin yan\u0131nda olmaktan gurur duyuyoruz.<\/p>                                                    <ul class=\"list-unstyled about-three__points ml-0\">\r\n                                                            <\/ul>\r\n                                                                            <div class=\"about-three__progress\">\r\n                                                                    <div class=\"about-three__progress-single\">\r\n                                        <h4 class=\"about-three__progress-title\">Organik <\/h4>\r\n                                        <div class=\"bar\">\r\n                                            <div class=\"bar-inner count-bar\" data-percent=\"85%\">\r\n                                                <div class=\"count-text\">85%<\/div>\r\n                                            <\/div>\r\n                                        <\/div>\r\n                                    <\/div>\r\n                                                                    <div class=\"about-three__progress-single\">\r\n                                        <h4 class=\"about-three__progress-title\">G\u00fcvenilirlik<\/h4>\r\n                                        <div class=\"bar\">\r\n                                            <div class=\"bar-inner count-bar\" data-percent=\"87%\">\r\n                                                <div class=\"count-text\">87%<\/div>\r\n                                            <\/div>\r\n                                        <\/div>\r\n                                    <\/div>\r\n                                                            <\/div>\r\n                                            <\/div>\r\n                <\/div>\r\n            <\/div>\r\n        <\/div>\r\n    <\/section>\r\n    <!--About Three End-->\r\n\r\n\t\t\t\t<\/div>\n\t\t\t\t<\/div>\n\t\t\t\t\t<\/div>\n\t\t<\/div>\n\t\t\t\t\t<\/div>\n\t\t<\/section>\n\t\t\t\t<section class=\"elementor-section elementor-top-section elementor-element elementor-element-735406ae elementor-section-full_width elementor-section-height-default elementor-section-height-default\" data-id=\"735406ae\" data-element_type=\"section\" data-e-type=\"section\">\n\t\t\t\t\t\t<div class=\"elementor-container elementor-column-gap-no\">\n\t\t\t\t\t<div class=\"elementor-column elementor-col-100 elementor-top-column elementor-element elementor-element-50ce11cc\" data-id=\"50ce11cc\" data-element_type=\"column\" data-e-type=\"column\">\n\t\t\t<div class=\"elementor-widget-wrap elementor-element-populated\">\n\t\t\t\t\t\t<div class=\"elementor-element elementor-element-365e7ed2 elementor-widget elementor-widget-agrion-about\" data-id=\"365e7ed2\" data-element_type=\"widget\" data-e-type=\"widget\" data-widget_type=\"agrion-about.default\">\n\t\t\t\t<div class=\"elementor-widget-container\">\n\t\t\t\t\t\r\n    <!--Provide One Start-->\r\n    <section class=\"Provide-One\">\r\n        <div class=\"Provide-One__wrap\">\r\n            <div class=\"Provide-One__left\">\r\n                <div class=\"Provide-One__bg\" style=\"background-image: url(http:\/\/bracketweb.com\/agrionwp\/wp-content\/uploads\/2023\/01\/provide-one-bg.jpg);\"><\/div>\r\n                <div class=\"provide-one__sopport\">\r\n                    <div class=\"provide-one__support-icon\">\r\n                        <span aria-hidden=\"true\" class=\"  icon-harvester\"><\/span>                    <\/div>\r\n                    <p class=\"provide-one__support-text\">\u201cKaliteli Saman, Sa\u011fl\u0131kl\u0131 Verim.\u201d<\/p>                <\/div>\r\n            <\/div>\r\n            <div class=\"Provide-One__right\">\r\n                <div class=\"provide-one__bg-shape float-bob-x\">\r\n                    <img decoding=\"async\" src=\"https:\/\/baskentsaman.com\/wp-content\/uploads\/2023\/01\/provide-one-shape-1.png\" alt=\"provide-one-shape-1\" title=\"provide-one-shape-1\" >                <\/div>\r\n                <div class=\"Provide-One__content\">\r\n                                            <div class=\"section-title text-left\">\r\n                            <span class=\"section-title__tagline\">BA\u015eKENT SAMAN<\/span><h2 class=\"section-title__title\">Misyonumuz Vizyonumuz<\/h2>\r\n                            <div class=\"section-title__icon\">\r\n                                <img decoding=\"async\" src=\"https:\/\/baskentsaman.com\/wp-content\/uploads\/2023\/01\/section-title-icon-1.png\" alt=\"alt\" title=\"section-title-icon-1\" >                            <\/div>\r\n\r\n                        <\/div>\r\n                                        <p class=\"Provide-One__text\">\nHayvanc\u0131l\u0131k sekt\u00f6r\u00fcnde g\u00fcvenilir, kaliteli ve uygun fiyatl\u0131 saman ve yem \u00fcr\u00fcnleri sunarak; \u00fcreticilerimizin ve i\u015fletmelerimizin verimlili\u011fini art\u0131rmak.\n<br>\nVizyonumuz\n\nT\u00fcrkiye\u2019nin d\u00f6rt bir yan\u0131nda tan\u0131nan ve tercih edilen bir marka olmak, s\u00fcrd\u00fcr\u00fclebilir tar\u0131m ve hayvanc\u0131l\u0131\u011fa katk\u0131 sa\u011flayarak gelece\u011fe de\u011fer katmak.<\/p>                                            <div class=\"Provide-One__progress-wrap\">\r\n                                                    <\/div>\r\n                                    <\/div>\r\n            <\/div>\r\n        <\/div>\r\n    <\/section>\r\n    <!--Provide One End-->\r\n\t\t\t\t<\/div>\n\t\t\t\t<\/div>\n\t\t\t\t\t<\/div>\n\t\t<\/div>\n\t\t\t\t\t<\/div>\n\t\t<\/section>\n\t\t\t\t<\/div>\n\t\t","protected":false},"excerpt":{"rendered":"<p>BA\u015eKENT SAMAN Ba\u015fkent Saman, y\u0131llar\u0131n verdi\u011fi deneyim ve g\u00fcven ile hayvanc\u0131l\u0131k sekt\u00f6r\u00fcne kaliteli saman ve yem \u00e7e\u015fitleri sunan bir i\u015fletmedir. Ankara merkezli firmam\u0131z, hem toptan hem perakende sat\u0131\u015fta m\u00fc\u015fteri memnuniyetini \u00f6n planda tutarak, hayvanlar\u0131n\u0131z\u0131n sa\u011fl\u0131kl\u0131 beslenmesine katk\u0131 sa\u011flamay\u0131 ama\u00e7lamaktad\u0131r. Do\u011fal ve g\u00fcvenilir \u00fcr\u00fcnlerimizle; \u00e7ift\u00e7ilerimizin, i\u015fletmelerimizin ve hayvanc\u0131l\u0131kla u\u011fra\u015fan t\u00fcm m\u00fc\u015fterilerimizin yan\u0131nda olmaktan gurur duyuyoruz. Organik [&hellip;]<\/p>\n","protected":false},"author":1,"featured_media":0,"parent":0,"menu_order":0,"comment_status":"closed","ping_status":"closed","template":"elementor_header_footer","meta":{"footnotes":""},"class_list":["post-67","page","type-page","status-publish","hentry"],"aioseo_notices":[],"_links":{"self":[{"href":"https:\/\/baskentsaman.com\/index.php?rest_route=\/wp\/v2\/pages\/67","targetHints":{"allow":["GET"]}}],"collection":[{"href":"https:\/\/baskentsaman.com\/index.php?rest_route=\/wp\/v2\/pages"}],"about":[{"href":"https:\/\/baskentsaman.com\/index.php?rest_route=\/wp\/v2\/types\/page"}],"author":[{"embeddable":true,"href":"https:\/\/baskentsaman.com\/index.php?rest_route=\/wp\/v2\/users\/1"}],"replies":[{"embeddable":true,"href":"https:\/\/baskentsaman.com\/index.php?rest_route=%2Fwp%2Fv2%2Fcomments&post=67"}],"version-history":[{"count":8,"href":"https:\/\/baskentsaman.com\/index.php?rest_route=\/wp\/v2\/pages\/67\/revisions"}],"predecessor-version":[{"id":1391,"href":"https:\/\/baskentsaman.com\/index.php?rest_route=\/wp\/v2\/pages\/67\/revisions\/1391"}],"wp:attachment":[{"href":"https:\/\/baskentsaman.com\/index.php?rest_route=%2Fwp%2Fv2%2Fmedia&parent=67"}],"curies":[{"name":"wp","href":"https:\/\/api.w.org\/{rel}","templated":true}]}}